{"id":5,"date":"2008-03-26T13:00:27","date_gmt":"2008-03-26T12:00:27","guid":{"rendered":"http:\/\/woltex.home.pl\/?page_id=5"},"modified":"2021-10-25T07:54:20","modified_gmt":"2021-10-25T06:54:20","slug":"lang_plkontaktlang_pllang_encontactlang_enlang_dekontakt-delang_delang_rukontakt-rulang_ru","status":"publish","type":"page","link":"https:\/\/www.woltex.com.pl\/?page_id=5","title":{"rendered":"Kontakt"},"content":{"rendered":"<h1>Kontakt<\/h1>\n<h2>WOLTEX Zak\u0142ad dziewiarski<\/h2>\n<p>Romuald Szuka\u0142o, Andrzej Matusiak<br>ul. Jezuicka 17, 05-230 Koby\u0142ka<br>tel.: 0 602 783 380; tel.\/fax: 22 799 07 02<\/p>\n\n<p>e-mail: <a href=\"mailto:woltex@woltex.com.pl\">woltex@woltex.com.pl <\/a><\/p>\n\n\n<iframe class=\"col-12\" src=\"https:\/\/www.google.com\/maps\/embed?pb=!1m18!1m12!1m3!1d2437.7801883548227!2d21.18854605122727!3d52.33813367968091!2m3!1f0!2f0!3f0!3m2!1i1024!2i768!4f13.1!3m3!1m2!1s0x471ec555fc818c71%3A0x1f0041af9bf1859a!2sJezuicka%2017%2C%2005-230%20Koby%C5%82ka!5e0!3m2!1spl!2spl!4v1634673739985!5m2!1spl!2spl\" height=\"450\" style=\"border:1;\" allowfullscreen=\"yes\" loading=\"lazy\"><\/iframe>\n\n\n\n\n<p><\/p>\n","protected":false},"excerpt":{"rendered":"<p>Kontakt WOLTEX Zak\u0142ad dziewiarski Romuald Szuka\u0142o, Andrzej Matusiakul. Jezuicka 17, 05-230 Koby\u0142katel.: 0 602 783 380; tel.\/fax: 22 799 07 02 e-mail: woltex@woltex.com.pl<\/p>\n","protected":false},"author":1,"featured_media":0,"parent":0,"menu_order":0,"comment_status":"open","ping_status":"open","template":"","meta":{"ngg_post_thumbnail":0,"footnotes":""},"class_list":["post-5","page","type-page","status-publish","hentry"],"_links":{"self":[{"href":"https:\/\/www.woltex.com.pl\/index.php?rest_route=\/wp\/v2\/pages\/5","targetHints":{"allow":["GET"]}}],"collection":[{"href":"https:\/\/www.woltex.com.pl\/index.php?rest_route=\/wp\/v2\/pages"}],"about":[{"href":"https:\/\/www.woltex.com.pl\/index.php?rest_route=\/wp\/v2\/types\/page"}],"author":[{"embeddable":true,"href":"https:\/\/www.woltex.com.pl\/index.php?rest_route=\/wp\/v2\/users\/1"}],"replies":[{"embeddable":true,"href":"https:\/\/www.woltex.com.pl\/index.php?rest_route=%2Fwp%2Fv2%2Fcomments&post=5"}],"version-history":[{"count":11,"href":"https:\/\/www.woltex.com.pl\/index.php?rest_route=\/wp\/v2\/pages\/5\/revisions"}],"predecessor-version":[{"id":86,"href":"https:\/\/www.woltex.com.pl\/index.php?rest_route=\/wp\/v2\/pages\/5\/revisions\/86"}],"wp:attachment":[{"href":"https:\/\/www.woltex.com.pl\/index.php?rest_route=%2Fwp%2Fv2%2Fmedia&parent=5"}],"curies":[{"name":"wp","href":"https:\/\/api.w.org\/{rel}","templated":true}]}}