{"id":3,"date":"2008-03-26T11:44:39","date_gmt":"2008-03-26T10:44:39","guid":{"rendered":"http:\/\/woltex.home.pl\/?p=3"},"modified":"2021-10-25T11:16:35","modified_gmt":"2021-10-25T10:16:35","slug":"lang_plnasza-ofertalang_pllang_enenlang_enlang_dedelang_delang_rurulang_ru","status":"publish","type":"page","link":"https:\/\/www.woltex.com.pl\/?page_id=3","title":{"rendered":"Nasza oferta"},"content":{"rendered":"<div class=\"row gx-4 gx-lg-5 align-items-center\">\n<div class=\"col-md-6\"><img decoding=\"async\" class=\"card-img-top mb-5 mb-md-0\" src=\"img\/bsam.jpg\" alt=\"Bran\u017ca samochodowa\"><\/div>\n<div class=\"col-md-6\">\n<h1 class=\"display-6 fw-bolder\">Bran\u017ca samochodowa<\/h1>\n<ul>\n<li>Dzianiny do produkcji pokrowc\u00f3w na fotele samochodowe<\/li>\n<li>Dzianiny na sufity samochodowe<\/li>\n<li>Dzianiny na koszulki na fotele samochodowe oraz lam\u00f3wki<\/li>\n<\/ul>\n<div class=\"d-flex\"><a class=\"btn btn-outline-dark flex-shrink-0\" href=\"http:\/\/www.woltex.com.pl\/?page_id=18\" type=\"button\"> <i class=\"bi-truck me-1\"><\/i> Dowiedz si\u0119 wi\u0119cej<\/a><\/div>\n<\/div>\n<\/div>\n<div class=\"row my-2 gx-4 gx-lg-5 align-items-center\">\n<div class=\"col-md-6\"><img decoding=\"async\" class=\"card-img-top mb-5 mb-md-0\" src=\"img\/prze.jpg\" alt=\"Prze\u015bcierad\u0142a ochronne\"><\/div>\n<div class=\"col-md-6\">\n<h1 class=\"display-6 fw-bolder\">Prze\u015bcierad\u0142a ochronne<\/h1>\n<p class=\"lead\">Antyalergiczne, bawe\u0142niane frotte.<\/p>\n<div class=\"d-flex\"><a class=\"btn btn-warning flex-shrink-0\" href=\"http:\/\/www.woltex.com.pl\/?page_id=16\" type=\"button\"> <i class=\"bi-cart me-1\"><\/i> Dowiedz si\u0119 wi\u0119cej i zam\u00f3w<\/a><\/div>\n<\/div>\n<\/div>\n","protected":false},"excerpt":{"rendered":"<p>Bran\u017ca samochodowa Dzianiny do produkcji pokrowc\u00f3w na fotele samochodowe Dzianiny na sufity samochodowe Dzianiny na koszulki na fotele samochodowe oraz lam\u00f3wki Dowiedz si\u0119 wi\u0119cej Prze\u015bcierad\u0142a ochronne Antyalergiczne, bawe\u0142niane frotte. Dowiedz si\u0119 wi\u0119cej i zam\u00f3w<\/p>\n","protected":false},"author":1,"featured_media":0,"parent":0,"menu_order":0,"comment_status":"open","ping_status":"open","template":"","meta":{"ngg_post_thumbnail":0,"footnotes":""},"class_list":["post-3","page","type-page","status-publish","hentry"],"_links":{"self":[{"href":"https:\/\/www.woltex.com.pl\/index.php?rest_route=\/wp\/v2\/pages\/3","targetHints":{"allow":["GET"]}}],"collection":[{"href":"https:\/\/www.woltex.com.pl\/index.php?rest_route=\/wp\/v2\/pages"}],"about":[{"href":"https:\/\/www.woltex.com.pl\/index.php?rest_route=\/wp\/v2\/types\/page"}],"author":[{"embeddable":true,"href":"https:\/\/www.woltex.com.pl\/index.php?rest_route=\/wp\/v2\/users\/1"}],"replies":[{"embeddable":true,"href":"https:\/\/www.woltex.com.pl\/index.php?rest_route=%2Fwp%2Fv2%2Fcomments&post=3"}],"version-history":[{"count":10,"href":"https:\/\/www.woltex.com.pl\/index.php?rest_route=\/wp\/v2\/pages\/3\/revisions"}],"predecessor-version":[{"id":101,"href":"https:\/\/www.woltex.com.pl\/index.php?rest_route=\/wp\/v2\/pages\/3\/revisions\/101"}],"wp:attachment":[{"href":"https:\/\/www.woltex.com.pl\/index.php?rest_route=%2Fwp%2Fv2%2Fmedia&parent=3"}],"curies":[{"name":"wp","href":"https:\/\/api.w.org\/{rel}","templated":true}]}}