{"id":2,"date":"2008-03-25T15:52:08","date_gmt":"2008-03-25T14:52:08","guid":{"rendered":""},"modified":"2021-10-25T10:33:41","modified_gmt":"2021-10-25T09:33:41","slug":"informacje","status":"publish","type":"page","link":"https:\/\/www.woltex.com.pl\/","title":{"rendered":"Strona g\u0142\u00f3wna"},"content":{"rendered":"<h1 class=\"display-6 fw-bolder\">Witamy Pa\u0144stwa,<\/h1>\n<p>na stronach zak\u0142adu dziewiarskiego <strong>Woltex<\/strong>. Firma nasza istnieje od 1994 roku.<\/p>\n<p>Zajmujemy si\u0119 produkcj\u0105 dzianin na pokrowce i koszulki na siedzenia samochodowe , sufity oraz lam\u00f3wki .<br \/>\nW swojej ofercie posiadamy materia\u0142y \u017cakardowe , welurowe , diagonale , piki i wiele innych .<br \/>\nZapewniamy wysok\u0105 jako\u015b\u0107 , powtarzalno\u015b\u0107 kolor\u00f3w i gramatury oraz kr\u00f3tkie terminy .<\/p>\n<p>Drugim segmentem naszej produkcji s\u0105 nieprzemakalne prze\u015bcierad\u0142a ochronne na materace do \u0142\u00f3\u017cek i na tapczany .<br \/>\nCoraz cz\u0119\u015bciej zaopatruj\u0105 si\u0119 w nie hotele , pensjonaty , domy opieki , ale tak\u017ce indywidualni odbiorcy .<\/p>\n<p>&nbsp;<\/p>\n","protected":false},"excerpt":{"rendered":"<p>Witamy Pa\u0144stwa, na stronach zak\u0142adu dziewiarskiego Woltex. Firma nasza istnieje od 1994 roku. Zajmujemy si\u0119 produkcj\u0105 dzianin na pokrowce i koszulki na siedzenia samochodowe , sufity oraz lam\u00f3wki . W swojej ofercie posiadamy materia\u0142y \u017cakardowe , welurowe , diagonale , piki i wiele innych . Zapewniamy wysok\u0105 jako\u015b\u0107 , powtarzalno\u015b\u0107 kolor\u00f3w i gramatury oraz kr\u00f3tkie [&hellip;]<\/p>\n","protected":false},"author":1,"featured_media":0,"parent":0,"menu_order":0,"comment_status":"open","ping_status":"open","template":"","meta":{"ngg_post_thumbnail":0,"footnotes":""},"class_list":["post-2","page","type-page","status-publish","hentry"],"_links":{"self":[{"href":"https:\/\/www.woltex.com.pl\/index.php?rest_route=\/wp\/v2\/pages\/2","targetHints":{"allow":["GET"]}}],"collection":[{"href":"https:\/\/www.woltex.com.pl\/index.php?rest_route=\/wp\/v2\/pages"}],"about":[{"href":"https:\/\/www.woltex.com.pl\/index.php?rest_route=\/wp\/v2\/types\/page"}],"author":[{"embeddable":true,"href":"https:\/\/www.woltex.com.pl\/index.php?rest_route=\/wp\/v2\/users\/1"}],"replies":[{"embeddable":true,"href":"https:\/\/www.woltex.com.pl\/index.php?rest_route=%2Fwp%2Fv2%2Fcomments&post=2"}],"version-history":[{"count":13,"href":"https:\/\/www.woltex.com.pl\/index.php?rest_route=\/wp\/v2\/pages\/2\/revisions"}],"predecessor-version":[{"id":96,"href":"https:\/\/www.woltex.com.pl\/index.php?rest_route=\/wp\/v2\/pages\/2\/revisions\/96"}],"wp:attachment":[{"href":"https:\/\/www.woltex.com.pl\/index.php?rest_route=%2Fwp%2Fv2%2Fmedia&parent=2"}],"curies":[{"name":"wp","href":"https:\/\/api.w.org\/{rel}","templated":true}]}}