{"id":18,"date":"2010-04-02T18:35:33","date_gmt":"2010-04-02T17:35:33","guid":{"rendered":"http:\/\/www.woltex.com.pl\/?page_id=18"},"modified":"2021-10-25T10:26:43","modified_gmt":"2021-10-25T09:26:43","slug":"branza-samochodowa","status":"publish","type":"page","link":"http:\/\/www.woltex.com.pl\/?page_id=18","title":{"rendered":"Bran\u017ca samochodowa"},"content":{"rendered":"<div class=\"row gx-4 gx-lg-5 align-items-center\">\n<div class=\"col-md-6\"><img decoding=\"async\" class=\"card-img-top mb-5 mb-md-0\" src=\"img\/bsam.jpg\" alt=\"Bran\u017ca samochodowa\"><\/div>\n<div class=\"col-md-6\">\n<h1 class=\"display-6 fw-bolder\">Bran\u017ca samochodowa<\/h1>\n<ul>\n<li>Dzianiny do produkcji pokrowc\u00f3w na fotele samochodowe<\/li>\n<li>Dzianiny na sufity samochodowe<\/li>\n<li>Dzianiny na koszulki na fotele samochodowe oraz lam\u00f3wki<\/li>\n<li>dzianiny do produkcji pokrowc\u00f3w na&nbsp;fotele&nbsp;samochodowe<\/li>\n<li>\u017cakardy<\/li>\n<li>welury<\/li>\n<li>diagonale<\/li>\n<li>piki<\/li>\n<li>dzianiny na sufity samochodowe<\/li>\n<li>dzianiny na koszulki na fotele samochodowe oraz lam\u00f3wk\u0119<\/li>\n<li>i inne, r\u00f3wnie\u017c wg wzor\u00f3w klienta<\/li>\n<\/ul>\n<\/div>\n<\/div>\n\n\n\n<p><\/p>\n","protected":false},"excerpt":{"rendered":"<p>Bran\u017ca samochodowa Dzianiny do produkcji pokrowc\u00f3w na fotele samochodowe Dzianiny na sufity samochodowe Dzianiny na koszulki na fotele samochodowe oraz lam\u00f3wki dzianiny do produkcji pokrowc\u00f3w na&nbsp;fotele&nbsp;samochodowe \u017cakardy welury diagonale piki dzianiny na sufity samochodowe dzianiny na koszulki na fotele samochodowe oraz lam\u00f3wk\u0119 i inne, r\u00f3wnie\u017c wg wzor\u00f3w klienta<\/p>\n","protected":false},"author":1,"featured_media":0,"parent":3,"menu_order":0,"comment_status":"open","ping_status":"open","template":"","meta":{"ngg_post_thumbnail":0,"footnotes":""},"class_list":["post-18","page","type-page","status-publish","hentry"],"_links":{"self":[{"href":"http:\/\/www.woltex.com.pl\/index.php?rest_route=\/wp\/v2\/pages\/18","targetHints":{"allow":["GET"]}}],"collection":[{"href":"http:\/\/www.woltex.com.pl\/index.php?rest_route=\/wp\/v2\/pages"}],"about":[{"href":"http:\/\/www.woltex.com.pl\/index.php?rest_route=\/wp\/v2\/types\/page"}],"author":[{"embeddable":true,"href":"http:\/\/www.woltex.com.pl\/index.php?rest_route=\/wp\/v2\/users\/1"}],"replies":[{"embeddable":true,"href":"http:\/\/www.woltex.com.pl\/index.php?rest_route=%2Fwp%2Fv2%2Fcomments&post=18"}],"version-history":[{"count":4,"href":"http:\/\/www.woltex.com.pl\/index.php?rest_route=\/wp\/v2\/pages\/18\/revisions"}],"predecessor-version":[{"id":92,"href":"http:\/\/www.woltex.com.pl\/index.php?rest_route=\/wp\/v2\/pages\/18\/revisions\/92"}],"up":[{"embeddable":true,"href":"http:\/\/www.woltex.com.pl\/index.php?rest_route=\/wp\/v2\/pages\/3"}],"wp:attachment":[{"href":"http:\/\/www.woltex.com.pl\/index.php?rest_route=%2Fwp%2Fv2%2Fmedia&parent=18"}],"curies":[{"name":"wp","href":"https:\/\/api.w.org\/{rel}","templated":true}]}}