{"id":16,"date":"2010-04-02T18:34:33","date_gmt":"2010-04-02T17:34:33","guid":{"rendered":"http:\/\/www.woltex.com.pl\/?page_id=16"},"modified":"2021-10-25T14:13:52","modified_gmt":"2021-10-25T13:13:52","slug":"przescieradla-ochronne","status":"publish","type":"page","link":"http:\/\/www.woltex.com.pl\/?page_id=16","title":{"rendered":"Prze\u015bcierad\u0142a ochronne"},"content":{"rendered":"<div class=\"row my-2 gx-4 gx-lg-5 align-items-center\">\n<div class=\"col-md-6\"><img decoding=\"async\" class=\"card-img-top mb-5 mb-md-0\" src=\"\/img\/prze.jpg\" alt=\"Prze\u015bcierad\u0142a ochronne\"><\/div>\n<div class=\"col-md-6\">\n<h1 class=\"display-6 fw-bolder\">Prze\u015bcierad\u0142a ochronne<\/h1>\n<p class=\"lead\">Antyalergiczne, bawe\u0142niane frotte.<\/p>\n<div class=\"d-flex\"><a class=\"btn btn-warning flex-shrink-0\" href=\"http:\/\/www.woltex.com.pl\/?page_id=6\" type=\"button\"> <i class=\"bi-cart me-1\"><\/i> Z\u0142o\u017c zam\u00f3wienie<\/a><\/div>\n<\/div>\n<\/div>\n<h1>Prze\u015bcierad\u0142a ochronne<\/h1>\n<ul>\n<li>NIEPRZEMAKALNE<\/li>\n<li>ANTYALERGICZNE<\/li>\n<li>BAWE\u0141NIANE FROTTE<\/li>\n<\/ul>\n<p>OCHRONA:<\/p>\n<ul>\n<li>MATERACA<\/li>\n<li>TAPCZANU PRZE\u015aCIERAD\u0141O<\/li>\n<li>zabezpiecza materac przed zamoczeniem<\/li>\n<li>chroni przed roztoczami<\/li>\n<li>u\u0142atwia zdrowy, spokojny sen<\/li>\n<\/ul>\n<p>Takie zalety zapewnia specjalna membrana na spodzie prze\u015bcierad\u0142a, przepuszczaj\u0105ca powietrze i zatrzymuj\u0105ca p\u0142yny. Produkt doskonale sprawdza si\u0119 w hotelach, sanatoriach, pensjonatach oraz domach, idealny do zabezpieczania materaca os\u00f3b przewlekle chorych, starszych i dzieci. Ze wzgl\u0119du na swoje w\u0142a\u015bciwo\u015bci zalecany uczulonym na roztocza. Produkt otrzyma\u0142 bardzo wysok\u0105 ocen\u0119 Instytutu W\u0142\u00f3kiennictwa w \u0141odzi (numery bada\u0144: 114\/2010\/B\/A i 114\/2010\/G\/A). Prze\u015bcierad\u0142o jest wielokrotnego u\u017cytku.<\/p>\n<p>G\u00f3rna cz\u0119\u015b\u0107 nieprzemakalnego prze\u015bcierad\u0142a zosta\u0142a wykonana z bawe\u0142nianej mi\u0119kkiej froty, natomiast boki z dzianiny poliestrowej, zako\u0144czonej gumk\u0105.<\/p>\n<p>Wykonujemy r\u00f3wnie\u017c PODK\u0141ADY OCHRONNE DLA SZPITALI I DOM\u00d3W OPIEKI.&nbsp;Podk\u0142ad ochronny, to g\u00f3rna cz\u0119\u015b\u0107 prze\u015bcierad\u0142a bez bok\u00f3w.<\/p>\n<p>Produkty zosta\u0142y przebadane przez Instytut W\u0142\u00f3kiennictwa w \u0141odzi, otrzymuj\u0105c bardzo wysok\u0105 ocen\u0119 wodoszczelno\u015bci i oddychalno\u015bci. Numery bada\u0144:114\/2010\/B\/A i 114\/2010\/G\/A.<\/p>\n<div class=\"d-flex\"><a class=\"btn btn-lg btn-warning w-100 p-4 flex-grow-0\" href=\"http:\/\/www.woltex.com.pl\/?page_id=6\" type=\"button\"><i class=\"bi-cart me-1\"><\/i>Z\u0142\u00f3\u017c zam\u00f3wienie<\/a><\/div>\n\n\n<p><\/p>\n","protected":false},"excerpt":{"rendered":"<p>Prze\u015bcierad\u0142a ochronne Antyalergiczne, bawe\u0142niane frotte. Z\u0142o\u017c zam\u00f3wienie Prze\u015bcierad\u0142a ochronne NIEPRZEMAKALNE ANTYALERGICZNE BAWE\u0141NIANE FROTTE OCHRONA: MATERACA TAPCZANU PRZE\u015aCIERAD\u0141O zabezpiecza materac przed zamoczeniem chroni przed roztoczami u\u0142atwia zdrowy, spokojny sen Takie zalety zapewnia specjalna membrana na spodzie prze\u015bcierad\u0142a, przepuszczaj\u0105ca powietrze i zatrzymuj\u0105ca p\u0142yny. Produkt doskonale sprawdza si\u0119 w hotelach, sanatoriach, pensjonatach oraz domach, idealny do zabezpieczania materaca [&hellip;]<\/p>\n","protected":false},"author":1,"featured_media":0,"parent":3,"menu_order":0,"comment_status":"open","ping_status":"open","template":"","meta":{"ngg_post_thumbnail":0,"footnotes":""},"class_list":["post-16","page","type-page","status-publish","hentry"],"_links":{"self":[{"href":"http:\/\/www.woltex.com.pl\/index.php?rest_route=\/wp\/v2\/pages\/16","targetHints":{"allow":["GET"]}}],"collection":[{"href":"http:\/\/www.woltex.com.pl\/index.php?rest_route=\/wp\/v2\/pages"}],"about":[{"href":"http:\/\/www.woltex.com.pl\/index.php?rest_route=\/wp\/v2\/types\/page"}],"author":[{"embeddable":true,"href":"http:\/\/www.woltex.com.pl\/index.php?rest_route=\/wp\/v2\/users\/1"}],"replies":[{"embeddable":true,"href":"http:\/\/www.woltex.com.pl\/index.php?rest_route=%2Fwp%2Fv2%2Fcomments&post=16"}],"version-history":[{"count":24,"href":"http:\/\/www.woltex.com.pl\/index.php?rest_route=\/wp\/v2\/pages\/16\/revisions"}],"predecessor-version":[{"id":110,"href":"http:\/\/www.woltex.com.pl\/index.php?rest_route=\/wp\/v2\/pages\/16\/revisions\/110"}],"up":[{"embeddable":true,"href":"http:\/\/www.woltex.com.pl\/index.php?rest_route=\/wp\/v2\/pages\/3"}],"wp:attachment":[{"href":"http:\/\/www.woltex.com.pl\/index.php?rest_route=%2Fwp%2Fv2%2Fmedia&parent=16"}],"curies":[{"name":"wp","href":"https:\/\/api.w.org\/{rel}","templated":true}]}}